{"id":338,"date":"2022-03-31T12:16:15","date_gmt":"2022-03-31T12:16:15","guid":{"rendered":"https:\/\/www.newr.online\/?page_id=338"},"modified":"2022-10-20T12:05:55","modified_gmt":"2022-10-20T12:05:55","slug":"entreprises","status":"publish","type":"page","link":"https:\/\/www.newr.online\/?page_id=338","title":{"rendered":"Entreprises"},"content":{"rendered":"<div data-colibri-id=\"338-c1\" class=\"style-301 style-local-338-c1 position-relative\">\n  <!---->\n  <div data-colibri-component=\"section\" data-colibri-id=\"338-c2\" id=\"custom\" class=\"h-section h-section-global-spacing d-flex align-items-lg-center align-items-md-center align-items-center style-465 style-local-338-c2 position-relative\">\n    <!---->\n    <!---->\n    <div class=\"h-section-grid-container h-section-boxed-container\">\n      <!---->\n      <div data-colibri-id=\"338-c3\" class=\"h-row-container gutters-row-lg-2 gutters-row-md-2 gutters-row-0 gutters-row-v-lg-2 gutters-row-v-md-2 gutters-row-v-2 style-466 style-local-338-c3 position-relative\">\n        <!---->\n        <div class=\"h-row justify-content-lg-center justify-content-md-center justify-content-center align-items-lg-stretch align-items-md-stretch align-items-stretch gutters-col-lg-2 gutters-col-md-2 gutters-col-0 gutters-col-v-lg-2 gutters-col-v-md-2 gutters-col-v-2\">\n          <!---->\n          <div class=\"h-column h-column-container d-flex h-col-lg-auto h-col-md-auto h-col-auto style-467-outer style-local-338-c4-outer\">\n            <div data-colibri-id=\"338-c4\" class=\"d-flex h-flex-basis h-column__inner h-px-lg-2 h-px-md-2 h-px-2 v-inner-lg-2 v-inner-md-2 v-inner-2 style-467 style-local-338-c4 position-relative\">\n              <!---->\n              <!---->\n              <div class=\"w-100 h-y-container h-column__content h-column__v-align flex-basis-100 align-self-lg-start align-self-md-start align-self-start\">\n                <!---->\n                <div data-colibri-id=\"338-c5\" class=\"h-text h-text-component style-486 style-local-338-c5 position-relative h-element\">\n                  <!---->\n                  <!---->\n                  <div class=\"\">\n                    <p>ENTREPRISES<\/p>\n                  <\/div>\n                <\/div>\n              <\/div>\n            <\/div>\n          <\/div>\n        <\/div>\n      <\/div>\n      <div data-colibri-id=\"338-c6\" class=\"h-row-container gutters-row-lg-2 gutters-row-md-2 gutters-row-0 gutters-row-v-lg-2 gutters-row-v-md-2 gutters-row-v-2 style-484 style-local-338-c6 position-relative\">\n        <!---->\n        <div class=\"h-row justify-content-lg-center justify-content-md-center justify-content-center align-items-lg-stretch align-items-md-stretch align-items-stretch gutters-col-lg-2 gutters-col-md-2 gutters-col-0 gutters-col-v-lg-2 gutters-col-v-md-2 gutters-col-v-2\">\n          <!---->\n          <div class=\"h-column h-column-container d-flex h-col-lg-auto h-col-md-auto h-col-auto style-485-outer style-local-338-c7-outer\">\n            <div data-colibri-id=\"338-c7\" class=\"d-flex h-flex-basis h-column__inner h-px-lg-2 h-px-md-2 h-px-2 v-inner-lg-2 v-inner-md-2 v-inner-2 style-485 style-local-338-c7 position-relative\">\n              <!---->\n              <!---->\n              <div class=\"w-100 h-y-container h-column__content h-column__v-align flex-basis-100 align-self-lg-start align-self-md-start align-self-start\">\n                <!---->\n                <div data-colibri-id=\"338-c8\" class=\"d-block style-473 style-local-338-c8 position-relative h-element\">\n                  <!---->\n                  <div class=\"h-image__frame-container-outer\">\n                    <div class=\"h-image__frame-container\">\n                      <!---->\n                      <!---->\n                      <img loading=\"lazy\" width=\"1280\" height=\"393\" src=\"https:\/\/www.newr.online\/wp-content\/uploads\/2022\/03\/cropped-cropped-colibri-image-103-1.png\" class=\"wp-image-618 style-473-image style-local-338-c8-image\" srcset=\"https:\/\/www.newr.online\/wp-content\/uploads\/2022\/03\/cropped-cropped-colibri-image-103-1.png 1280w, https:\/\/www.newr.online\/wp-content\/uploads\/2022\/03\/cropped-cropped-colibri-image-103-1-300x92.png 300w, https:\/\/www.newr.online\/wp-content\/uploads\/2022\/03\/cropped-cropped-colibri-image-103-1-1024x314.png 1024w, https:\/\/www.newr.online\/wp-content\/uploads\/2022\/03\/cropped-cropped-colibri-image-103-1-768x236.png 768w\" sizes=\"(max-width: 1280px) 100vw, 1280px\" alt=\"\" \/>\n                      <div class=\"h-image__frame h-hide-lg h-hide-md h-hide-sm style-473-frameImage style-local-338-c8-frameImage\"><\/div>\n                    <\/div>\n                  <\/div>\n                <\/div>\n              <\/div>\n            <\/div>\n          <\/div>\n        <\/div>\n      <\/div>\n    <\/div>\n  <\/div>\n  <div data-colibri-component=\"section\" data-colibri-id=\"338-c9\" id=\"overlappable\" class=\"h-section h-section-global-spacing d-flex align-items-lg-center align-items-md-center align-items-center style-474 style-local-338-c9 position-relative\">\n    <!---->\n    <!---->\n    <div class=\"h-section-grid-container h-section-boxed-container\">\n      <!---->\n      <div data-colibri-id=\"338-c10\" class=\"h-row-container gutters-row-lg-2 gutters-row-md-0 gutters-row-2 gutters-row-v-lg-2 gutters-row-v-md-0 gutters-row-v-2 style-475 style-local-338-c10 position-relative\">\n        <!---->\n        <div class=\"h-row justify-content-lg-center justify-content-md-center justify-content-center align-items-lg-stretch align-items-md-stretch align-items-stretch gutters-col-lg-2 gutters-col-md-0 gutters-col-2 gutters-col-v-lg-2 gutters-col-v-md-0 gutters-col-v-2\">\n          <!---->\n          <div class=\"h-column h-column-container d-flex h-col-lg-4 h-col-md-4 h-col-12 style-476-outer style-local-338-c11-outer\">\n            <div data-colibri-id=\"338-c11\" class=\"d-flex h-flex-basis h-column__inner h-px-lg-2 h-px-md-3 h-px-2 v-inner-lg-0 v-inner-md-3 v-inner-2 style-476 style-local-338-c11 position-relative\">\n              <!---->\n              <!---->\n              <div class=\"w-100 h-y-container h-column__content h-column__v-align flex-basis-100 align-self-lg-start align-self-md-start align-self-start\">\n                <!---->\n                <div data-colibri-id=\"338-c12\" class=\"h-icon style-477 style-local-338-c12 position-relative h-element\">\n                  <!----><span class=\"h-svg-icon h-icon__icon style-477-icon style-local-338-c12-icon\"><!--Icon by Font Awesome (https:\/\/fontawesome.com)--><svg version=\"1.1\" xmlns=\"http:\/\/www.w3.org\/2000\/svg\" xmlns:xlink=\"http:\/\/www.w3.org\/1999\/xlink\" id=\"calendar\" viewBox=\"0 0 1672.2646 1896.0833\"><path d=\"M128 1664h288v-288H128v288zm352 0h320v-288H480v288zm-352-352h288V992H128v320zm352 0h320V992H480v320zM128 928h288V640H128v288zm736 736h320v-288H864v288zM480 928h320V640H480v288zm768 736h288v-288h-288v288zm-384-352h320V992H864v320zM512 448V160q0-13-9.5-22.5T480 128h-64q-13 0-22.5 9.5T384 160v288q0 13 9.5 22.5T416 480h64q13 0 22.5-9.5T512 448zm736 864h288V992h-288v320zM864 928h320V640H864v288zm384 0h288V640h-288v288zm32-480V160q0-13-9.5-22.5T1248 128h-64q-13 0-22.5 9.5T1152 160v288q0 13 9.5 22.5t22.5 9.5h64q13 0 22.5-9.5t9.5-22.5zm384-64v1280q0 52-38 90t-90 38H128q-52 0-90-38t-38-90V384q0-52 38-90t90-38h128v-96q0-66 47-113T416 0h64q66 0 113 47t47 113v96h384v-96q0-66 47-113t113-47h64q66 0 113 47t47 113v96h128q52 0 90 38t38 90z\"><\/path><\/svg><\/span><\/div>\n                <div\n                  data-colibri-id=\"338-c13\" class=\"h-global-transition-all h-heading style-478 style-local-338-c13 position-relative h-element\">\n                  <!---->\n                  <div class=\"h-heading__outer style-478 style-local-338-c13\">\n                    <!---->\n                    <!---->\n                    <h5 class=\"\">Calendrier des stages&nbsp;<\/h5>\n                  <\/div>\n              <\/div>\n              <div data-colibri-id=\"338-c14\" class=\"h-text h-text-component style-479 style-local-338-c14 position-relative h-element\">\n                <!---->\n                <!---->\n                <div class=\"\">\n                  <p>Vous \u00eates \u00e0 la recherche d&rsquo;un stagiaire ?<\/p>\n                  <p>De secondes professionnelles \u00e0 Bac +2, les jeunes du Lyc\u00e9e des Gli\u00e8res sont pr\u00eats \u00e0 vous rejoindre !<\/p>\n                  <p>Consultez les dates de stage et contactez-nous pour toutes propositions d&rsquo;offres.\n                    <br>\n                  <\/p>\n                  <p>\n                    <br>\n                  <\/p>\n                <\/div>\n              <\/div>\n            <\/div>\n          <\/div>\n        <\/div>\n        <div class=\"h-column h-column-container d-flex h-col-lg-4 h-col-md-4 h-col-12 style-476-outer style-local-338-c15-outer\">\n          <div data-colibri-id=\"338-c15\" class=\"d-flex h-flex-basis h-column__inner h-px-lg-2 h-px-md-3 h-px-2 v-inner-lg-0 v-inner-md-3 v-inner-2 style-476 style-local-338-c15 position-relative\">\n            <!---->\n            <!---->\n            <div class=\"w-100 h-y-container h-column__content h-column__v-align flex-basis-100 align-self-lg-start align-self-md-start align-self-start\">\n              <!---->\n              <div data-colibri-id=\"338-c16\" class=\"h-icon style-477 style-local-338-c16 position-relative h-element\">\n                <!----><span class=\"h-svg-icon h-icon__icon style-477-icon style-local-338-c16-icon\"><!--Icon by Font Awesome (https:\/\/fontawesome.com)--><svg version=\"1.1\" xmlns=\"http:\/\/www.w3.org\/2000\/svg\" xmlns:xlink=\"http:\/\/www.w3.org\/1999\/xlink\" id=\"comment-o\" viewBox=\"0 0 1792 1896.0833\"><path d=\"M896 384q-204 0-381.5 69.5T232.5 641 128 896q0 112 71.5 213.5T401 1285l87 50-27 96q-24 91-70 172 152-63 275-171l43-38 57 6q69 8 130 8 204 0 381.5-69.5t282-187.5T1664 896t-104.5-255-282-187.5T896 384zm896 512q0 174-120 321.5t-326 233-450 85.5q-70 0-145-8-198 175-460 242-49 14-114 22h-5q-15 0-27-10.5t-16-27.5v-1q-3-4-.5-12t2-10 4.5-9.5l6-9 7-8.5 8-9q7-8 31-34.5t34.5-38 31-39.5 32.5-51 27-59 26-76q-157-89-247.5-220T0 896q0-174 120-321.5t326-233T896 256t450 85.5 326 233T1792 896z\"><\/path><\/svg><\/span><\/div>\n              <div\n                data-colibri-id=\"338-c17\" class=\"h-global-transition-all h-heading style-478 style-local-338-c17 position-relative h-element\">\n                <!---->\n                <div class=\"h-heading__outer style-478 style-local-338-c17\">\n                  <!---->\n                  <!---->\n                  <h5 class=\"\">Contact&nbsp;<\/h5>\n                <\/div>\n            <\/div>\n            <div data-colibri-id=\"338-c18\" class=\"h-text h-text-component style-479 style-local-338-c18 position-relative h-element\">\n              <!---->\n              <!---->\n              <div class=\"\">\n                <p>Vous cherchez un stagiaire mais vous n&rsquo;avez pas le profil id\u00e9al ?&nbsp;<\/p>\n                <p>Vous d\u00e9sirer recruter un apprenti ?<\/p>\n                <p>Vous souhaitez avoir plus d&rsquo;informations sur les comp\u00e9tences de nos jeunes ?<\/p>\n                <p>N&rsquo;h\u00e9sitez pas \u00e0 nous contacter via notre adresse mail :&nbsp;&nbsp;New.r2023@gmail.com<\/p>\n                <p>LinkedIn : New R\n                  <br>\n                <\/p>\n              <\/div>\n            <\/div>\n          <\/div>\n        <\/div>\n      <\/div>\n    <\/div>\n  <\/div>\n<\/div>\n<\/div>\n<div data-colibri-component=\"section\" data-colibri-id=\"338-c19\" id=\"custom-2\" class=\"h-section h-section-global-spacing d-flex align-items-lg-center align-items-md-center align-items-center style-480 style-local-338-c19 position-relative\">\n  <!---->\n  <!---->\n  <div class=\"h-section-grid-container h-section-boxed-container\">\n    <!---->\n    <div data-colibri-id=\"338-c20\" class=\"h-row-container gutters-row-lg-2 gutters-row-md-2 gutters-row-0 gutters-row-v-lg-2 gutters-row-v-md-2 gutters-row-v-2 style-751 style-local-338-c20 position-relative\">\n      <!---->\n      <div class=\"h-row justify-content-lg-center justify-content-md-center justify-content-center align-items-lg-stretch align-items-md-stretch align-items-stretch gutters-col-lg-2 gutters-col-md-2 gutters-col-0 gutters-col-v-lg-2 gutters-col-v-md-2 gutters-col-v-2\">\n        <!---->\n        <div class=\"h-column h-column-container d-flex h-col-lg-auto h-col-md-auto h-col-auto style-752-outer style-local-338-c21-outer\">\n          <div data-colibri-id=\"338-c21\" class=\"d-flex h-flex-basis h-column__inner h-px-lg-2 h-px-md-2 h-px-2 v-inner-lg-2 v-inner-md-2 v-inner-2 style-752 style-local-338-c21 position-relative\">\n            <!---->\n            <!---->\n            <div class=\"w-100 h-y-container h-column__content h-column__v-align flex-basis-100 align-self-lg-start align-self-md-start align-self-start\">\n              <!---->\n              <div data-colibri-id=\"338-c22\" class=\"d-block style-754 style-local-338-c22 position-relative h-element\">\n                <!---->\n                <div class=\"h-image__frame-container-outer\">\n                  <div class=\"h-image__frame-container\">\n                    <!---->\n                    <!---->\n                    <img loading=\"lazy\" width=\"1043\" height=\"400\" src=\"https:\/\/www.newr.online\/wp-content\/uploads\/2022\/05\/planning.png\" class=\"wp-image-1091 style-754-image style-local-338-c22-image\" srcset=\"https:\/\/www.newr.online\/wp-content\/uploads\/2022\/05\/planning.png 1043w, https:\/\/www.newr.online\/wp-content\/uploads\/2022\/05\/planning-300x115.png 300w, https:\/\/www.newr.online\/wp-content\/uploads\/2022\/05\/planning-1024x393.png 1024w, https:\/\/www.newr.online\/wp-content\/uploads\/2022\/05\/planning-768x295.png 768w\" sizes=\"(max-width: 1043px) 100vw, 1043px\" alt=\"\" \/>\n                    <div class=\"h-image__frame h-hide-lg h-hide-md h-hide-sm style-754-frameImage style-local-338-c22-frameImage\"><\/div>\n                  <\/div>\n                <\/div>\n              <\/div>\n            <\/div>\n          <\/div>\n        <\/div>\n      <\/div>\n    <\/div>\n    <div data-colibri-id=\"338-c23\" class=\"h-row-container gutters-row-lg-2 gutters-row-md-2 gutters-row-0 gutters-row-v-lg-2 gutters-row-v-md-2 gutters-row-v-2 style-481 style-local-338-c23 position-relative\">\n      <!---->\n      <div class=\"h-row justify-content-lg-center justify-content-md-center justify-content-center align-items-lg-stretch align-items-md-stretch align-items-stretch gutters-col-lg-2 gutters-col-md-2 gutters-col-0 gutters-col-v-lg-2 gutters-col-v-md-2 gutters-col-v-2\">\n        <!---->\n        <div class=\"h-column h-column-container d-flex h-col-lg-auto h-col-md-auto h-col-auto style-482-outer style-local-338-c24-outer\">\n          <div data-colibri-id=\"338-c24\" class=\"d-flex h-flex-basis h-column__inner h-ui-empty-state-container h-px-lg-2 h-px-md-2 h-px-2 v-inner-lg-2 v-inner-md-2 v-inner-2 style-482 style-local-338-c24 position-relative\">\n            <!---->\n            <!---->\n            <div class=\"w-100 h-y-container h-column__content h-column__v-align flex-basis-100\">\n              <!---->\n            <\/div>\n          <\/div>\n        <\/div>\n      <\/div>\n    <\/div>\n  <\/div>\n<\/div>\n<\/div>","protected":false},"excerpt":{"rendered":"<p>ENTREPRISES Calendrier des stages&nbsp; Vous \u00eates \u00e0 la recherche d&rsquo;un stagiaire ? De secondes professionnelles \u00e0 Bac +2, les jeunes du Lyc\u00e9e des Gli\u00e8res sont pr\u00eats \u00e0 vous rejoindre ! Consultez les dates de stage et contactez-nous pour toutes propositions d&rsquo;offres. Contact&nbsp; Vous cherchez un stagiaire mais vous n&rsquo;avez pas le profil id\u00e9al ?&nbsp; Vous [&hellip;]<\/p>\n","protected":false},"author":5,"featured_media":0,"parent":0,"menu_order":0,"comment_status":"closed","ping_status":"closed","template":"page-templates\/full-width-page.php","meta":[],"_links":{"self":[{"href":"https:\/\/www.newr.online\/index.php?rest_route=\/wp\/v2\/pages\/338"}],"collection":[{"href":"https:\/\/www.newr.online\/index.php?rest_route=\/wp\/v2\/pages"}],"about":[{"href":"https:\/\/www.newr.online\/index.php?rest_route=\/wp\/v2\/types\/page"}],"author":[{"embeddable":true,"href":"https:\/\/www.newr.online\/index.php?rest_route=\/wp\/v2\/users\/5"}],"replies":[{"embeddable":true,"href":"https:\/\/www.newr.online\/index.php?rest_route=%2Fwp%2Fv2%2Fcomments&post=338"}],"version-history":[{"count":20,"href":"https:\/\/www.newr.online\/index.php?rest_route=\/wp\/v2\/pages\/338\/revisions"}],"predecessor-version":[{"id":1686,"href":"https:\/\/www.newr.online\/index.php?rest_route=\/wp\/v2\/pages\/338\/revisions\/1686"}],"wp:attachment":[{"href":"https:\/\/www.newr.online\/index.php?rest_route=%2Fwp%2Fv2%2Fmedia&parent=338"}],"curies":[{"name":"wp","href":"https:\/\/api.w.org\/{rel}","templated":true}]}}